{"id":132,"date":"2017-01-12T12:32:46","date_gmt":"2017-01-12T12:32:46","guid":{"rendered":"http:\/\/gt3demo.com\/wp\/wizelaw\/?page_id=132"},"modified":"2020-08-18T13:29:25","modified_gmt":"2020-08-18T13:29:25","slug":"uzmanlik-alanlarimiz","status":"publish","type":"page","link":"https:\/\/dikbashukuk.com\/?page_id=132","title":{"rendered":"Uzmanl\u0131k Alanlar\u0131m\u0131z"},"content":{"rendered":"[vc_row css=&#8221;.vc_custom_1596822866566{margin-top: -40px !important;padding-bottom: 45px !important;}&#8221;][vc_column css=&#8221;.vc_custom_1596822909646{margin-top: 150px !important;}&#8221;]<div class=\"gt3_practice_list\"><div class=\"gt3_practice_list__posts-container row isotope\"><article class=\"gt3_practice_list__item span4\"><div class=\"gt3_practice_list__image-holder\"><a href=\"https:\/\/dikbashukuk.com\/?practice=icra-ve-iflas-hukuku2\" class=\"gt3_practice_list__image_link\"><img decoding=\"async\"  src=\"https:\/\/dikbashukuk.com\/wp-content\/uploads\/2021\/08\/iflas-1170x780-1-780x592.jpeg\" alt=\"\" \/><\/a><\/div><div class=\"gt3_practice_list__content\"><h4 class=\"gt3_practice_list__title\">\u0130cra ve \u0130flas Hukuku<\/h4><div class=\"gt3_practice_list__text\">\u0130flas bir tacirin bor\u00e7lar\u0131n\u0131 \u00f6deyemeyecek hale gelmesi durumunda art\u0131k \u015firket \u00f6z...<\/div><a href=\"https:\/\/dikbashukuk.com\/?practice=icra-ve-iflas-hukuku2\" class=\"gt3_practice_list__link learn_more\">Devam\u0131n\u0131 Oku<span><\/span><\/a><\/div><\/article><article class=\"gt3_practice_list__item span4\"><div class=\"gt3_practice_list__image-holder\"><a href=\"https:\/\/dikbashukuk.com\/?practice=ticaret-hukuku\" class=\"gt3_practice_list__image_link\"><img decoding=\"async\"  src=\"https:\/\/dikbashukuk.com\/wp-content\/uploads\/2021\/08\/tu\u0308ketici-1170x780-1-780x592.jpeg\" alt=\"\" \/><\/a><\/div><div class=\"gt3_practice_list__content\"><h4 class=\"gt3_practice_list__title\">Ticaret Hukuku<\/h4><div class=\"gt3_practice_list__text\">T\u00fcrkiye\u2019de ve yurt d\u0131\u015f\u0131nda i\u015f ve yat\u0131r\u0131m yapan m\u00fcvekkillerimize y\u00fcksek kalitede...<\/div><a href=\"https:\/\/dikbashukuk.com\/?practice=ticaret-hukuku\" class=\"gt3_practice_list__link learn_more\">Devam\u0131n\u0131 Oku<span><\/span><\/a><\/div><\/article><article class=\"gt3_practice_list__item span4\"><div class=\"gt3_practice_list__image-holder\"><a href=\"https:\/\/dikbashukuk.com\/?practice=gayrimenkul-ve-insaat-hukuku\" class=\"gt3_practice_list__image_link\"><img decoding=\"async\"  src=\"https:\/\/dikbashukuk.com\/wp-content\/uploads\/2021\/08\/gayri-1170x780-1-780x592.jpeg\" alt=\"\" \/><\/a><\/div><div class=\"gt3_practice_list__content\"><h4 class=\"gt3_practice_list__title\">Gayrimenkul ve \u0130n\u015faat Hukuku<\/h4><div class=\"gt3_practice_list__text\">Ta\u015f\u0131nmaz mallar\u0131n al\u0131m ve sat\u0131m\u0131, gayrimenkul finansman\u0131, intifa, irtifak, ipotek...<\/div><a href=\"https:\/\/dikbashukuk.com\/?practice=gayrimenkul-ve-insaat-hukuku\" class=\"gt3_practice_list__link learn_more\">Devam\u0131n\u0131 Oku<span><\/span><\/a><\/div><\/article><article class=\"gt3_practice_list__item span4\"><div class=\"gt3_practice_list__image-holder\"><a href=\"https:\/\/dikbashukuk.com\/?practice=kamulastirma-hukuku\" class=\"gt3_practice_list__image_link\"><img decoding=\"async\"  src=\"https:\/\/dikbashukuk.com\/wp-content\/uploads\/2021\/08\/kamu-1170x780-1-780x592.jpeg\" alt=\"\" \/><\/a><\/div><div class=\"gt3_practice_list__content\"><h4 class=\"gt3_practice_list__title\">Kamula\u015ft\u0131rma Hukuku<\/h4><div class=\"gt3_practice_list__text\">Kamula\u015ft\u0131rman\u0131n anlam\u0131; Devlet taraf\u0131ndan ger\u00e7ek ve \u00f6zel hukuk t\u00fczel\u00a0ki\u015filerinin...<\/div><a href=\"https:\/\/dikbashukuk.com\/?practice=kamulastirma-hukuku\" class=\"gt3_practice_list__link learn_more\">Devam\u0131n\u0131 Oku<span><\/span><\/a><\/div><\/article><article class=\"gt3_practice_list__item span4\"><div class=\"gt3_practice_list__image-holder\"><a href=\"https:\/\/dikbashukuk.com\/?practice=borclar-hukuku\" class=\"gt3_practice_list__image_link\"><img decoding=\"async\"  src=\"https:\/\/dikbashukuk.com\/wp-content\/uploads\/2021\/08\/borc-1170x780-1-780x592.jpeg\" alt=\"\" \/><\/a><\/div><div class=\"gt3_practice_list__content\"><h4 class=\"gt3_practice_list__title\">Bor\u00e7lar Hukuku<\/h4><div class=\"gt3_practice_list__text\">Bor\u00e7lar Hukuku kavram\u0131n\u0131 anlatmak i\u00e7in \u00f6ncelikle Bor\u00e7 kelimesinin hukuk anlam\u0131nda...<\/div><a href=\"https:\/\/dikbashukuk.com\/?practice=borclar-hukuku\" class=\"gt3_practice_list__link learn_more\">Devam\u0131n\u0131 Oku<span><\/span><\/a><\/div><\/article><article class=\"gt3_practice_list__item span4\"><div class=\"gt3_practice_list__image-holder\"><a href=\"https:\/\/dikbashukuk.com\/?practice=esya-hukuku\" class=\"gt3_practice_list__image_link\"><img decoding=\"async\"  src=\"https:\/\/dikbashukuk.com\/wp-content\/uploads\/2021\/08\/esya-1170x780-1-780x592.jpeg\" alt=\"\" \/><\/a><\/div><div class=\"gt3_practice_list__content\"><h4 class=\"gt3_practice_list__title\">E\u015fya Hukuku<\/h4><div class=\"gt3_practice_list__text\">E\u015fya Hukuku ger\u00e7ek yada t\u00fczel bir ki\u015fili\u011fin bir e\u015fya \u00fczerindeki egemenlik haklar\u0131...<\/div><a href=\"https:\/\/dikbashukuk.com\/?practice=esya-hukuku\" class=\"gt3_practice_list__link learn_more\">Devam\u0131n\u0131 Oku<span><\/span><\/a><\/div><\/article><article class=\"gt3_practice_list__item span4\"><div class=\"gt3_practice_list__image-holder\"><a href=\"https:\/\/dikbashukuk.com\/?practice=banka-ve-finans-hukuku\" class=\"gt3_practice_list__image_link\"><img decoding=\"async\"  src=\"https:\/\/dikbashukuk.com\/wp-content\/uploads\/2021\/08\/borc-1-1170x780-1-780x592.jpeg\" alt=\"\" \/><\/a><\/div><div class=\"gt3_practice_list__content\"><h4 class=\"gt3_practice_list__title\">Banka ve Finans Hukuku<\/h4><div class=\"gt3_practice_list__text\">Finans Hukuku; Para, Kredi, Tahvil, Faktoring i\u015flemleri gibi konular\u0131n...<\/div><a href=\"https:\/\/dikbashukuk.com\/?practice=banka-ve-finans-hukuku\" class=\"gt3_practice_list__link learn_more\">Devam\u0131n\u0131 Oku<span><\/span><\/a><\/div><\/article><article class=\"gt3_practice_list__item span4\"><div class=\"gt3_practice_list__image-holder\"><a href=\"https:\/\/dikbashukuk.com\/?practice=sirketler-hukuku\" class=\"gt3_practice_list__image_link\"><img decoding=\"async\"  src=\"https:\/\/dikbashukuk.com\/wp-content\/uploads\/2021\/08\/post_gallery3-1170x725-1-780x592.jpeg\" alt=\"\" \/><\/a><\/div><div class=\"gt3_practice_list__content\"><h4 class=\"gt3_practice_list__title\">\u015eirketler Hukuku<\/h4><div class=\"gt3_practice_list__text\">Yeni Ticaret Kanunu y\u00fcr\u00fcrl\u00fc\u011fe girdikten sonra \u015eirketler Hukuku a\u00e7\u0131s\u0131ndan bir\u00e7ok...<\/div><a href=\"https:\/\/dikbashukuk.com\/?practice=sirketler-hukuku\" class=\"gt3_practice_list__link learn_more\">Devam\u0131n\u0131 Oku<span><\/span><\/a><\/div><\/article><article class=\"gt3_practice_list__item span4\"><div class=\"gt3_practice_list__image-holder\"><a href=\"https:\/\/dikbashukuk.com\/?practice=fikri-ve-sinai-mulkiyet-hukuku\" class=\"gt3_practice_list__image_link\"><img decoding=\"async\"  src=\"https:\/\/dikbashukuk.com\/wp-content\/uploads\/2021\/08\/385-1170x555-1-780x592.jpeg\" alt=\"\" \/><\/a><\/div><div class=\"gt3_practice_list__content\"><h4 class=\"gt3_practice_list__title\">Fikri ve S\u0131nai M\u00fclkiyet Hukuku<\/h4><div class=\"gt3_practice_list__text\">Fikri Haklar: Bir Eser \u00dczerinde sahip olunan maddi ve manevi haklar\u0131n tamam\u0131...<\/div><a href=\"https:\/\/dikbashukuk.com\/?practice=fikri-ve-sinai-mulkiyet-hukuku\" class=\"gt3_practice_list__link learn_more\">Devam\u0131n\u0131 Oku<span><\/span><\/a><\/div><\/article><article class=\"gt3_practice_list__item span4\"><div class=\"gt3_practice_list__image-holder\"><a href=\"https:\/\/dikbashukuk.com\/?practice=marka-hukuku\" class=\"gt3_practice_list__image_link\"><img decoding=\"async\"  src=\"https:\/\/dikbashukuk.com\/wp-content\/uploads\/2021\/08\/fam-law-1170x780-2-780x592.jpeg\" alt=\"\" \/><\/a><\/div><div class=\"gt3_practice_list__content\"><h4 class=\"gt3_practice_list__title\">Marka Hukuku<\/h4><div class=\"gt3_practice_list__text\">Marka, bir te\u015febb\u00fcs\u00fcn mal veya hizmetlerini bir ba\u015fka te\u015febb\u00fcs\u00fcn mal veya...<\/div><a href=\"https:\/\/dikbashukuk.com\/?practice=marka-hukuku\" class=\"gt3_practice_list__link learn_more\">Devam\u0131n\u0131 Oku<span><\/span><\/a><\/div><\/article><article class=\"gt3_practice_list__item span4\"><div class=\"gt3_practice_list__image-holder\"><a href=\"https:\/\/dikbashukuk.com\/?practice=is-hukuku\" class=\"gt3_practice_list__image_link\"><img decoding=\"async\"  src=\"https:\/\/dikbashukuk.com\/wp-content\/uploads\/2021\/08\/fam-law-1170x780-1-780x592.jpeg\" alt=\"\" \/><\/a><\/div><div class=\"gt3_practice_list__content\"><h4 class=\"gt3_practice_list__title\">\u0130\u015f Hukuku<\/h4><div class=\"gt3_practice_list__text\">\r\n\r\n\r\n\r\n\u0130\u015f Hukuku, \u0130\u015f ili\u015fkisi i\u00e7erisinde \u00e7al\u0131\u015fan\u0131n, i\u015f\u00e7inin, i\u015f ili\u015fkisi...<\/div><a href=\"https:\/\/dikbashukuk.com\/?practice=is-hukuku\" class=\"gt3_practice_list__link learn_more\">Devam\u0131n\u0131 Oku<span><\/span><\/a><\/div><\/article><article class=\"gt3_practice_list__item span4\"><div class=\"gt3_practice_list__image-holder\"><a href=\"https:\/\/dikbashukuk.com\/?practice=vergi-hukuku\" class=\"gt3_practice_list__image_link\"><img decoding=\"async\"  src=\"https:\/\/dikbashukuk.com\/wp-content\/uploads\/2021\/08\/vergi-1170x780-1-780x592.jpeg\" alt=\"\" \/><\/a><\/div><div class=\"gt3_practice_list__content\"><h4 class=\"gt3_practice_list__title\">Vergi Hukuku<\/h4><div class=\"gt3_practice_list__text\">Vergi Hukuku kavram\u0131n\u0131n tan\u0131mlamadan \u00f6nce vergiyi tan\u0131mlamak gerekecektir.\u00a0Vergi;...<\/div><a href=\"https:\/\/dikbashukuk.com\/?practice=vergi-hukuku\" class=\"gt3_practice_list__link learn_more\">Devam\u0131n\u0131 Oku<span><\/span><\/a><\/div><\/article><article class=\"gt3_practice_list__item span4\"><div class=\"gt3_practice_list__image-holder\"><a href=\"https:\/\/dikbashukuk.com\/?practice=tuketici-hukuku\" class=\"gt3_practice_list__image_link\"><img decoding=\"async\"  src=\"https:\/\/dikbashukuk.com\/wp-content\/uploads\/2020\/08\/tu\u0308ketici-780x592-1-780x592.jpeg\" alt=\"\" \/><\/a><\/div><div class=\"gt3_practice_list__content\"><h4 class=\"gt3_practice_list__title\">T\u00fcketici Hukuku<\/h4><div class=\"gt3_practice_list__text\">G\u00fc\u00e7l\u00fc teknik kadromuz ile yenilik\u00e7i, dinamik, verimli, g\u00fcvenilir bir tak\u0131m ruhu...<\/div><a href=\"https:\/\/dikbashukuk.com\/?practice=tuketici-hukuku\" class=\"gt3_practice_list__link learn_more\">Devam\u0131n\u0131 Oku<span><\/span><\/a><\/div><\/article><article class=\"gt3_practice_list__item span4\"><div class=\"gt3_practice_list__image-holder\"><a href=\"https:\/\/dikbashukuk.com\/?practice=aile-hukuku\" class=\"gt3_practice_list__image_link\"><img decoding=\"async\"  src=\"https:\/\/dikbashukuk.com\/wp-content\/uploads\/2021\/08\/aile-1170x780-1-780x592.jpeg\" alt=\"\" \/><\/a><\/div><div class=\"gt3_practice_list__content\"><h4 class=\"gt3_practice_list__title\">Aile Hukuku<\/h4><div class=\"gt3_practice_list__text\">Aile Hukuku; T\u00fcrk Medeni Kanununun 2. Kitab\u0131nda d\u00fczenlenmi\u015ftir. Aile Hukuku;...<\/div><a href=\"https:\/\/dikbashukuk.com\/?practice=aile-hukuku\" class=\"gt3_practice_list__link learn_more\">Devam\u0131n\u0131 Oku<span><\/span><\/a><\/div><\/article><article class=\"gt3_practice_list__item span4\"><div class=\"gt3_practice_list__image-holder\"><a href=\"https:\/\/dikbashukuk.com\/?practice=miras-hukuku\" class=\"gt3_practice_list__image_link\"><img decoding=\"async\"  src=\"https:\/\/dikbashukuk.com\/wp-content\/uploads\/2021\/08\/miras-1170x780-1-780x592.jpeg\" alt=\"\" \/><\/a><\/div><div class=\"gt3_practice_list__content\"><h4 class=\"gt3_practice_list__title\">Miras Hukuku<\/h4><div class=\"gt3_practice_list__text\">Miras Hukuku bir ger\u00e7ek ki\u015finin \u00f6lmesi ya da gaipli\u011fine karar verilmesinden sonra...<\/div><a href=\"https:\/\/dikbashukuk.com\/?practice=miras-hukuku\" class=\"gt3_practice_list__link learn_more\">Devam\u0131n\u0131 Oku<span><\/span><\/a><\/div><\/article><article class=\"gt3_practice_list__item span4\"><div class=\"gt3_practice_list__image-holder\"><a href=\"https:\/\/dikbashukuk.com\/?practice=idare-hukuku\" class=\"gt3_practice_list__image_link\"><img decoding=\"async\"  src=\"https:\/\/dikbashukuk.com\/wp-content\/uploads\/2021\/08\/idare-1170x780-1-780x592.jpeg\" alt=\"\" \/><\/a><\/div><div class=\"gt3_practice_list__content\"><h4 class=\"gt3_practice_list__title\">\u0130dare Hukuku<\/h4><div class=\"gt3_practice_list__text\">\u0130dare Hukuku, idareye kar\u015f\u0131 a\u00e7\u0131lacak davalarda uygulanan hukuk dal\u0131d\u0131r....<\/div><a href=\"https:\/\/dikbashukuk.com\/?practice=idare-hukuku\" class=\"gt3_practice_list__link learn_more\">Devam\u0131n\u0131 Oku<span><\/span><\/a><\/div><\/article><article class=\"gt3_practice_list__item span4\"><div class=\"gt3_practice_list__image-holder\"><a href=\"https:\/\/dikbashukuk.com\/?practice=bilisim-hukuku\" class=\"gt3_practice_list__image_link\"><img decoding=\"async\"  src=\"https:\/\/dikbashukuk.com\/wp-content\/uploads\/2021\/08\/bilisim-1170x780-1-780x592.jpeg\" alt=\"\" \/><\/a><\/div><div class=\"gt3_practice_list__content\"><h4 class=\"gt3_practice_list__title\">Bili\u015fim Hukuku<\/h4><div class=\"gt3_practice_list__text\">Bili\u015fim Hukuku; \u00f6zellikle bilgisayar kullan\u0131m\u0131n\u0131n artmas\u0131 ve network a\u011flar\u0131...<\/div><a href=\"https:\/\/dikbashukuk.com\/?practice=bilisim-hukuku\" class=\"gt3_practice_list__link learn_more\">Devam\u0131n\u0131 Oku<span><\/span><\/a><\/div><\/article><article class=\"gt3_practice_list__item span4\"><div class=\"gt3_practice_list__image-holder\"><a href=\"https:\/\/dikbashukuk.com\/?practice=enerji-hukuku\" class=\"gt3_practice_list__image_link\"><img decoding=\"async\"  src=\"https:\/\/dikbashukuk.com\/wp-content\/uploads\/2021\/08\/enerji-1170x780-1-780x592.jpeg\" alt=\"\" \/><\/a><\/div><div class=\"gt3_practice_list__content\"><h4 class=\"gt3_practice_list__title\">Enerji Hukuku<\/h4><div class=\"gt3_practice_list__text\">Sanayi ve Teknoloji alan\u0131ndaki h\u0131zl\u0131 geli\u015fmelerden sonra Enerji son zamanlar\u0131n en...<\/div><a href=\"https:\/\/dikbashukuk.com\/?practice=enerji-hukuku\" class=\"gt3_practice_list__link learn_more\">Devam\u0131n\u0131 Oku<span><\/span><\/a><\/div><\/article><\/div><\/div>[\/vc_column][\/vc_row][vc_row][vc_column][vc_column_text]<\/div>\n<\/div>\n<\/div>\n<\/div>\n<\/div>\n<\/div>\n<\/div>\n<\/div>\n[\/vc_column_text][\/vc_column][\/vc_row]\n","protected":false},"excerpt":{"rendered":"<p>[vc_row css=&#8221;.vc_custom_1596822866566{margin-top: -40px !important;padding-bottom: 45px !important;}&#8221;][vc_column css=&#8221;.vc_custom_1596822909646{margin-top: 150px !important;}&#8221;][\/vc_column][\/vc_row][vc_row][vc_column][vc_column_text] [\/vc_column_text][\/vc_column][\/vc_row]<\/p>\n","protected":false},"author":1,"featured_media":0,"parent":0,"menu_order":0,"comment_status":"closed","ping_status":"closed","template":"","meta":{"footnotes":""},"class_list":["post-132","page","type-page","status-publish","hentry"],"_links":{"self":[{"href":"https:\/\/dikbashukuk.com\/index.php?rest_route=\/wp\/v2\/pages\/132","targetHints":{"allow":["GET"]}}],"collection":[{"href":"https:\/\/dikbashukuk.com\/index.php?rest_route=\/wp\/v2\/pages"}],"about":[{"href":"https:\/\/dikbashukuk.com\/index.php?rest_route=\/wp\/v2\/types\/page"}],"author":[{"embeddable":true,"href":"https:\/\/dikbashukuk.com\/index.php?rest_route=\/wp\/v2\/users\/1"}],"replies":[{"embeddable":true,"href":"https:\/\/dikbashukuk.com\/index.php?rest_route=%2Fwp%2Fv2%2Fcomments&post=132"}],"version-history":[{"count":16,"href":"https:\/\/dikbashukuk.com\/index.php?rest_route=\/wp\/v2\/pages\/132\/revisions"}],"predecessor-version":[{"id":1673,"href":"https:\/\/dikbashukuk.com\/index.php?rest_route=\/wp\/v2\/pages\/132\/revisions\/1673"}],"wp:attachment":[{"href":"https:\/\/dikbashukuk.com\/index.php?rest_route=%2Fwp%2Fv2%2Fmedia&parent=132"}],"curies":[{"name":"wp","href":"https:\/\/api.w.org\/{rel}","templated":true}]}}