{"id":1727,"date":"2020-08-18T11:25:38","date_gmt":"2020-08-18T11:25:38","guid":{"rendered":"http:\/\/www.gdyhukuk.com\/?page_id=1727"},"modified":"2021-08-11T10:51:45","modified_gmt":"2021-08-11T10:51:45","slug":"kvkk-metni","status":"publish","type":"page","link":"https:\/\/dikbashukuk.com\/?page_id=1727","title":{"rendered":"KVKK Metni"},"content":{"rendered":"[vc_row equal_height=&#8221;yes&#8221;][vc_column][vc_column_text]<strong>KVKK AYDINLATMA METN\u0130<\/strong><\/p>\n<p><span>D\u0130KBA\u015e<\/span> Hukuk B\u00fcrosu olarak ki\u015fisel verilerinizin g\u00fcvenli\u011fine azami hassasiyet g\u00f6stermekteyiz. Bu do\u011frultuda; m\u00fcvekkillerimiz, m\u00fcvekkil adaylar\u0131m\u0131z, \u00e7al\u0131\u015fanlar\u0131m\u0131z, i\u015f ortaklar\u0131m\u0131z, web sitesi ziyaret\u00e7ilerimiz ve b\u00fcromuza i\u015f ba\u015fvurusunda bulunan \u00e7al\u0131\u015fan adaylar\u0131na ait her t\u00fcrl\u00fc ki\u015fisel verinin 6698 say\u0131l\u0131 Ki\u015fisel Verilerin Korunmas\u0131 Kanunu\u2019na (\u201cKVKK\u201d) uygun olarak i\u015flenmesi ve saklanmas\u0131na \u00f6nem veriyoruz.<\/p>\n<p>Ayd\u0131nlatma y\u00fck\u00fcml\u00fcl\u00fc\u011f\u00fcm\u00fcz kapsam\u0131nda; ki\u015fisel verilerinizin i\u015flenme ama\u00e7lar\u0131, kimlere ve hangi ama\u00e7la aktar\u0131laca\u011f\u0131, toplanma y\u00f6ntemleri, hukuki nedenleri ve haklar\u0131n\u0131z konular\u0131nda i\u015fbu Ayd\u0131nlatma Metni ile sizleri bilgilendirmek istiyoruz.<\/p>\n<p><strong>a) Veri Sorumlusu<\/strong><\/p>\n<p>KVKK uyar\u0131nca, ki\u015fisel verileriniz; veri sorumlusu olarak \u201c<span>D\u0130KBA\u015e<\/span> Hukuk B\u00fcrosu\u201d taraf\u0131ndan a\u015fa\u011f\u0131da a\u00e7\u0131klanan kapsamda toplanmakta ve i\u015flenmektedir.<\/p>\n<p><strong>b) Ki\u015fisel Verilerin Hangi Ama\u00e7la \u0130\u015flenece\u011fi<\/strong><\/p>\n<p>Ki\u015fisel verileriniz; Avukatl\u0131k Kanunu kapsam\u0131nda her t\u00fcrl\u00fc hukuki hizmet ve dan\u0131\u015fmanl\u0131k faaliyetlerinin yerine getirilmesi, yetkili ki\u015fi, kurum ve kurulu\u015flara mevzuattan kaynaklanan sebeplerle bilgi verilmesi; insan kaynaklar\u0131 s\u00fcre\u00e7lerinin y\u00fcr\u00fct\u00fclmesi, i\u015f s\u00f6zle\u015fmesinden do\u011fan y\u00fck\u00fcml\u00fcl\u00fckler ile i\u015f sa\u011fl\u0131\u011f\u0131 ve g\u00fcvenli\u011fi y\u00fck\u00fcml\u00fcl\u00fcklerinin yerine getirilmesi, finans ve muhasebe i\u015flemlerinin ger\u00e7ekle\u015ftirilmesi, verilerin do\u011fru ve g\u00fcncel olmas\u0131n\u0131n sa\u011flanmas\u0131, veri kay\u0131plar\u0131n\u0131n \u00f6nlenebilmesi i\u00e7in kopyalanma\/yedekleme yap\u0131lmas\u0131 ile sistemsel ve fiziksel g\u00fcvenlik s\u00fcre\u00e7lerinin y\u00fcr\u00fct\u00fclmesi ama\u00e7lar\u0131 ile KVKK madde 5 ve 6\u2019da belirtilen ki\u015fisel veri i\u015fleme \u015fartlar\u0131na uygun olarak i\u015flenmektedir.<\/p>\n<p><strong>c) Ki\u015fisel Verilerin Kimlere ve Hangi Ama\u00e7la Aktar\u0131labilece\u011fi<\/strong><\/p>\n<ul>\n<li>Ki\u015fisel verileriniz; Avukatl\u0131k Kanunu kapsam\u0131nda her t\u00fcrl\u00fc hukuki hizmet ve dan\u0131\u015fmanl\u0131k faaliyetlerinin yerine getirilmesi amac\u0131yla ba\u015fta mahkemeler ve icra daireleri olmak \u00fczere, noterler, tapu daireleri, vergi daireleri gibi resmi kamu kurum ve kurulu\u015flar\u0131na; size verdi\u011fimiz hukuki hizmet kapsam\u0131nda tahsil etti\u011fimiz menfaatleri bildirdi\u011finiz banka hesab\u0131na g\u00f6ndermek \u00fczere \u00e7al\u0131\u015ft\u0131\u011f\u0131m\u0131z bankalara, vergisel y\u00fck\u00fcml\u00fcl\u00fcklerimizi yerine getirmek \u00fczere finans ve muhasebe hizmeti ald\u0131\u011f\u0131m\u0131z \u015firkete;<\/li>\n<li>Mevzuattan kaynaklanan sebeplerle yetkili ki\u015fi, kamu kurum ve kurulu\u015flar\u0131na bilgi verme y\u00fck\u00fcml\u00fcl\u00fc\u011f\u00fcm\u00fcz\u00fcn yerine getirilmesi i\u00e7in yetkili ki\u015fi, kamu kurum ve kurulu\u015flar\u0131na;<\/li>\n<li>\u0130nsan kaynaklar\u0131 s\u00fcre\u00e7lerinin y\u00fcr\u00fct\u00fclmesi ve i\u015f s\u00f6zle\u015fmesinden do\u011fan y\u00fck\u00fcml\u00fcl\u00fckler ile i\u015f sa\u011fl\u0131\u011f\u0131 ve g\u00fcvenli\u011fi y\u00fck\u00fcml\u00fcl\u00fcklerinin yerine getirilmesi amac\u0131yla Sosyal G\u00fcvenlik Kurumu\u2019na, finans ve muhasebe hizmeti ald\u0131\u011f\u0131m\u0131z \u015firkete ve \u00e7al\u0131\u015ft\u0131\u011f\u0131m\u0131z bankalara;<\/li>\n<li>Ald\u0131\u011f\u0131m\u0131z bilgi i\u015flem destek hizmetleri gere\u011fi ve veri kay\u0131plar\u0131n\u0131n \u00f6nlenebilmesi i\u00e7in kopyalanma\/yedekleme yap\u0131lmas\u0131 ile sistemsel g\u00fcvenlik s\u00fcre\u00e7lerinin y\u00fcr\u00fct\u00fclmesi amac\u0131yla teknik bili\u015fim hizmeti ald\u0131\u011f\u0131m\u0131z \u015firkete KVKK madde 8 ve 9\u2019da belirtilen ki\u015fisel veri i\u015fleme \u015fartlar\u0131 ve ama\u00e7lar\u0131 \u00e7er\u00e7evesinde aktar\u0131labilecektir.<\/li>\n<\/ul>\n<p><strong>\u00c7) Ki\u015fisel Veri Toplaman\u0131n Y\u00f6ntemi ve Hukuki Sebebi<\/strong><\/p>\n<p>Ki\u015fisel verileriniz; sizlerle ger\u00e7ekle\u015ftirilen toplant\u0131 ve g\u00f6r\u00fc\u015fmeler s\u0131ras\u0131nda fiziki olarak veya telefon arac\u0131l\u0131\u011f\u0131yla, taraf\u0131m\u0131za fiziki olarak sunaca\u011f\u0131n\u0131z ya da elektronik ortamda e-posta veya faks ile aktaraca\u011f\u0131n\u0131z bilgi ve belgeler arac\u0131l\u0131\u011f\u0131yla s\u00f6zl\u00fc, yaz\u0131l\u0131 veya elektronik ortamda toplanmakta ve i\u015flenmektedir.<\/p>\n<p>Bu do\u011frultuda; ki\u015fisel verileriniz her t\u00fcrl\u00fc hukuki hizmet ve dan\u0131\u015fmanl\u0131k faaliyetlerinin yerine getirilmesi i\u00e7in Avukatl\u0131k Kanunu ve ilgili sair mevzuattan do\u011fan y\u00fck\u00fcml\u00fcl\u00fcklerin yerine getirilmesi, KVKK madde 5\/2(\u00e7) bendi uyar\u0131nca veri sorumlusunun hukuki y\u00fck\u00fcml\u00fcl\u00fcklerini yerine getirebilmesi i\u00e7in zorunlu olmas\u0131 ve ayn\u0131 kanunun madde 5\/2 (e) bendi uyar\u0131nca bir hakk\u0131n tesisi, kullan\u0131lmas\u0131 veya korunmas\u0131 i\u00e7in veri i\u015flemenin zorunlu olmas\u0131 ve 5\/2 (f) bendi uyar\u0131nca ilgili ki\u015finin temel hak ve \u00f6zg\u00fcrl\u00fcklerine zarar vermemek kayd\u0131yla, veri sorumlusunun me\u015fru menfaatleri i\u00e7in veri i\u015flenmesinin zorunlu olmas\u0131 hukuki sebepleri kapsam\u0131nda i\u015flenmektedir.<\/p>\n<p>Yetkili ki\u015fi, kurum ve kurulu\u015flara mevzuattan kaynaklanan sebeplerle bilgi verilmesi i\u00e7in i\u015flenen ki\u015fisel verileriniz, bilgi verilmesi y\u00fck\u00fcml\u00fcl\u00fc\u011f\u00fcn\u00fc d\u00fczenleyen ilgili kanun ve KVKK madde 5\/2(a) bendi uyar\u0131nca kanunlarda a\u00e7\u0131k\u00e7a \u00f6ng\u00f6r\u00fclmesi ve ayn\u0131 kanunun madde 5\/2(\u00e7) bendi uyar\u0131nca veri sorumlusunun hukuki y\u00fck\u00fcml\u00fcl\u00fcklerini yerine getirebilmesi i\u00e7in zorunlu olmas\u0131 hukuki sebebi<br \/>\nkapsam\u0131nda i\u015flenmektedir.<\/p>\n<p>\u0130nsan kaynaklar\u0131 s\u00fcre\u00e7lerinin y\u00fcr\u00fct\u00fclmesi, verilerin do\u011fru ve g\u00fcncel olmas\u0131n\u0131n sa\u011flanmas\u0131, veri kay\u0131plar\u0131n\u0131n \u00f6nlenebilmesi i\u00e7in kopyalanma\/yedekleme yap\u0131lmas\u0131 ile sistemsel ve fiziksel g\u00fcvenlik s\u00fcre\u00e7lerinin y\u00fcr\u00fct\u00fclmesi i\u00e7in i\u015flenen ki\u015fisel verileriniz KVKK madde 5\/2 (f) bendi uyar\u0131nca ilgili ki\u015finin temel hak ve \u00f6zg\u00fcrl\u00fcklerine zarar vermemek kayd\u0131yla, veri sorumlusunun me\u015fru menfaatleri i\u00e7in veri i\u015flenmesinin zorunlu olmas\u0131 hukuki sebebi uyar\u0131nca i\u015flenmektedir.<\/p>\n<p>\u0130\u015f s\u00f6zle\u015fmesinden do\u011fan y\u00fck\u00fcml\u00fcl\u00fckler ile i\u015f sa\u011fl\u0131\u011f\u0131 ve g\u00fcvenli\u011fi y\u00fck\u00fcml\u00fcl\u00fcklerinin yerine getirilmesi i\u00e7in i\u015flenen ki\u015fisel verileriniz \u0130\u015f Kanunu, Sosyal Sigortalar ve Genel Sa\u011fl\u0131k Sigortas\u0131 ve ilgili mevzuat ile KVKK madde 5\/2(a) bendi uyar\u0131nca kanunlarda a\u00e7\u0131k\u00e7a \u00f6ng\u00f6r\u00fclmesi, 5\/2(\u00e7) bendi uyar\u0131nca veri<br \/>\nsorumlusunun hukuki y\u00fck\u00fcml\u00fcl\u00fcklerini yerine getirebilmesi i\u00e7in zorunlu olmas\u0131 ve ayn\u0131 kanunun madde 5\/2 (e) bendi uyar\u0131nca bir hakk\u0131n tesisi, kullan\u0131lmas\u0131 veya korunmas\u0131 i\u00e7in veri i\u015flemenin zorunlu olmas\u0131 hukuki sebepleri uyar\u0131nca i\u015flenmektedir.<\/p>\n<p><strong>d) KVKK Madde 11\u2019de Say\u0131lan Haklar\u0131n\u0131z<\/strong><\/p>\n<p>KVKK kapsam\u0131nda ilgili ki\u015fi olarak;<\/p>\n<ul>\n<li>Ki\u015fisel Verilerinizin i\u015flenip i\u015flenmedi\u011fini \u00f6\u011frenme,<\/li>\n<li>Ki\u015fisel Verileriniz i\u015flenmi\u015fse buna ili\u015fkin bilgi talep etme,<\/li>\n<li>Ki\u015fisel Verilerin i\u015flenme amac\u0131n\u0131 ve bunlar\u0131n amac\u0131na uygun kullan\u0131l\u0131p kullan\u0131lmad\u0131\u011f\u0131n\u0131 \u00f6\u011frenme,<\/li>\n<li>Yurti\u00e7inde veya yurtd\u0131\u015f\u0131nda Ki\u015fisel Verilerinizin aktar\u0131ld\u0131\u011f\u0131 \u00fc\u00e7\u00fcnc\u00fc ki\u015fileri bilme,<\/li>\n<li>Ki\u015fisel Verilerinizin eksik veya yanl\u0131\u015f i\u015flenmi\u015f olmas\u0131 halinde bunlar\u0131n d\u00fczeltilmesini isteme ve bu kapsamda yap\u0131lan i\u015flemin Ki\u015fisel Verilerin aktar\u0131ld\u0131\u011f\u0131 \u00fc\u00e7\u00fcnc\u00fc ki\u015filere bildirilmesini isteme,<\/li>\n<li>KVKK mevzuat\u0131nda \u00f6ng\u00f6r\u00fclen \u015fartlar \u00e7er\u00e7evesinde Ki\u015fisel Verilerinizin silinmesini veya yok edilmesini isteme ve bu kapsamda yap\u0131lan i\u015flemin Ki\u015fisel Verilerin aktar\u0131ld\u0131\u011f\u0131 \u00fc\u00e7\u00fcnc\u00fc ki\u015filere bildirilmesini isteme,<\/li>\n<li>\u0130\u015flenen verilerin m\u00fcnhas\u0131ran otomatik sistemler vas\u0131tas\u0131yla analiz edilmesi suretiyle aleyhinize bir sonucun ortaya \u00e7\u0131kmas\u0131na itiraz etme,<\/li>\n<li>Ki\u015fisel Verilerin kanuna ayk\u0131r\u0131 olarak i\u015flenmesi sebebiyle zarara u\u011framan\u0131z halinde bu zarar\u0131n giderilmesini talep etme haklar\u0131na sahipsiniz.<\/li>\n<\/ul>\n<p><strong>e) Ba\u015fvuru Hakk\u0131n\u0131z\u0131 Kullanma Y\u00f6ntemi<\/strong><\/p>\n<p>Yukar\u0131da belirtilen haklar\u0131n\u0131z\u0131 kullanma ile ilgili talebinizi, KVKK ve Veri Sorumlusuna Ba\u015fvuru Usul ve Esaslar\u0131 Hakk\u0131nda Tebli\u011f uyar\u0131nca yaz\u0131l\u0131 olarak veya D\u0130KBA\u015e Hukuk B\u00fcrosu\u2019na daha \u00f6nce bildirilen ve sistemimizde kay\u0131tl\u0131 bulunan elektronik posta adresini kullanmak suretiyle iletebilirsiniz. D\u0130KBA\u015e<br \/>\nHukuk B\u00fcrosu\u2019nun cevap vermeden \u00f6nce ba\u015fvuruda bulunan ki\u015fiden ki\u015fisel veri sahibi olup olmad\u0131\u011f\u0131n\u0131 tespit etmek ad\u0131na ek belge talep etme hakk\u0131 sakl\u0131d\u0131r.<\/p>\n<p><strong>Ba\u015fvurunuzda;<\/strong><\/p>\n<p>Ad\u0131n\u0131z\u0131n, soyad\u0131n\u0131z\u0131n ve ba\u015fvuru yaz\u0131l\u0131 ise imzan\u0131z\u0131n, T\u00fcrkiye Cumhuriyeti vatanda\u015flar\u0131 i\u00e7in T.C. kimlik numaran\u0131z\u0131n, yabanc\u0131 iseniz uyru\u011funuzun, pasaport numaran\u0131z\u0131n veya varsa kimlik numaran\u0131z\u0131n,<\/p>\n<p>Tebligata esas yerle\u015fim yeri veya i\u015f yeri adresinizin, varsa bildirime esas elektronik posta adresi, telefon ve faks numaran\u0131z\u0131n, talep konunuzun bulunmas\u0131 zorunlu olup, varsa konuya ili\u015fkin bilgi ve belgelerin de ba\u015fvuruya eklenmesi gerekmektedir.<\/p>\n<p>Yaz\u0131l\u0131 olarak yapaca\u011f\u0131n\u0131z ba\u015fvurular\u0131n\u0131z\u0131 gerekli belgeleri ekleyerek \u201cMansuro\u011flu Mah. 286\/4 Sk. Defne Plaza No:2 K:3 D:15-16-17 Bayrakl\u0131\/\u0130zmir\u201d adresine elden teslim etmeniz gerekmektedir.<br \/>\nE-posta yoluyla yapmak istedi\u011finiz ba\u015fvurular\u0131n\u0131z\u0131 info@dikbashukuk.com e-posta adresine yapabilirsiniz.<\/p>\n<p>S\u00f6z konusu taleplerin sonu\u00e7land\u0131r\u0131lmas\u0131n\u0131n ayr\u0131ca bir maliyeti gerektirmesi h\u00e2linde, ba\u015fvuru sahibinden Kurul taraf\u0131ndan belirlenen tarifedeki \u00fccret al\u0131nacakt\u0131r.[\/vc_column_text][\/vc_column][\/vc_row]\n","protected":false},"excerpt":{"rendered":"<p>[vc_row equal_height=&#8221;yes&#8221;][vc_column][vc_column_text]KVKK AYDINLATMA METN\u0130 D\u0130KBA\u015e Hukuk B\u00fcrosu olarak ki\u015fisel verilerinizin g\u00fcvenli\u011fine azami hassasiyet g\u00f6stermekteyiz. Bu do\u011frultuda; m\u00fcvekkillerimiz, m\u00fcvekkil adaylar\u0131m\u0131z, \u00e7al\u0131\u015fanlar\u0131m\u0131z, i\u015f ortaklar\u0131m\u0131z, web sitesi ziyaret\u00e7ilerimiz ve b\u00fcromuza i\u015f ba\u015fvurusunda bulunan \u00e7al\u0131\u015fan adaylar\u0131na ait her t\u00fcrl\u00fc ki\u015fisel verinin 6698 say\u0131l\u0131 Ki\u015fisel Verilerin Korunmas\u0131 Kanunu\u2019na (\u201cKVKK\u201d) uygun olarak i\u015flenmesi ve saklanmas\u0131na \u00f6nem veriyoruz. Ayd\u0131nlatma y\u00fck\u00fcml\u00fcl\u00fc\u011f\u00fcm\u00fcz kapsam\u0131nda; ki\u015fisel [&hellip;]<\/p>\n","protected":false},"author":1,"featured_media":0,"parent":0,"menu_order":0,"comment_status":"closed","ping_status":"closed","template":"","meta":{"footnotes":""},"class_list":["post-1727","page","type-page","status-publish","hentry"],"_links":{"self":[{"href":"https:\/\/dikbashukuk.com\/index.php?rest_route=\/wp\/v2\/pages\/1727","targetHints":{"allow":["GET"]}}],"collection":[{"href":"https:\/\/dikbashukuk.com\/index.php?rest_route=\/wp\/v2\/pages"}],"about":[{"href":"https:\/\/dikbashukuk.com\/index.php?rest_route=\/wp\/v2\/types\/page"}],"author":[{"embeddable":true,"href":"https:\/\/dikbashukuk.com\/index.php?rest_route=\/wp\/v2\/users\/1"}],"replies":[{"embeddable":true,"href":"https:\/\/dikbashukuk.com\/index.php?rest_route=%2Fwp%2Fv2%2Fcomments&post=1727"}],"version-history":[{"count":23,"href":"https:\/\/dikbashukuk.com\/index.php?rest_route=\/wp\/v2\/pages\/1727\/revisions"}],"predecessor-version":[{"id":1824,"href":"https:\/\/dikbashukuk.com\/index.php?rest_route=\/wp\/v2\/pages\/1727\/revisions\/1824"}],"wp:attachment":[{"href":"https:\/\/dikbashukuk.com\/index.php?rest_route=%2Fwp%2Fv2%2Fmedia&parent=1727"}],"curies":[{"name":"wp","href":"https:\/\/api.w.org\/{rel}","templated":true}]}}