{"id":230,"date":"2017-01-13T10:17:47","date_gmt":"2017-01-13T10:17:47","guid":{"rendered":"http:\/\/gt3demo.com\/wp\/wizelaw\/?page_id=230"},"modified":"2024-05-10T14:12:58","modified_gmt":"2024-05-10T14:12:58","slug":"ekibimiz","status":"publish","type":"page","link":"https:\/\/dikbashukuk.com\/?page_id=230","title":{"rendered":"Ekibimiz"},"content":{"rendered":"[vc_row][vc_column width=&#8221;1\/3&#8243;][vc_single_image image=&#8221;1758&#8243; img_size=&#8221;350&#215;350&#8243; alignment=&#8221;center&#8221; onclick=&#8221;custom_link&#8221; link=&#8221;https:\/\/dikbashukuk.com\/ufuk-dikbas\/&#8221;][vc_column_text el_class=&#8221;center&#8221;]<strong>UFUK D\u0130KBA\u015e<\/strong> &#8211; Kurucu Avukat[\/vc_column_text][\/vc_column][vc_column width=&#8221;1\/3&#8243;][vc_single_image image=&#8221;2054&#8243; img_size=&#8221;350&#215;350&#8243; alignment=&#8221;center&#8221; onclick=&#8221;custom_link&#8221; link=&#8221;https:\/\/dikbashukuk.com\/fahriye-yildiztekin\/&#8221; el_class=&#8221;center&#8221;][vc_column_text el_class=&#8221;center&#8221;]<strong>FAHR\u0130YE YILDIZTEK\u0130N<\/strong> &#8211; Avukat[\/vc_column_text][\/vc_column][vc_column width=&#8221;1\/3&#8243;][vc_single_image image=&#8221;2104&#8243; img_size=&#8221;350&#215;350&#8243; alignment=&#8221;center&#8221; onclick=&#8221;custom_link&#8221; link=&#8221;https:\/\/dikbashukuk.com\/team\/firat-acar\/&#8221;][vc_column_text el_class=&#8221;center&#8221;]<strong>FIRAT ACAR<\/strong> &#8211; Avukat[\/vc_column_text][\/vc_column][\/vc_row][vc_row][vc_column width=&#8221;1\/3&#8243;][vc_single_image image=&#8221;2059&#8243; img_size=&#8221;350&#215;350&#8243; alignment=&#8221;center&#8221; onclick=&#8221;custom_link&#8221; link=&#8221;https:\/\/dikbashukuk.com\/osman-turan-durmus\/&#8221;][vc_column_text el_class=&#8221;center&#8221;]<strong>OSMAN TURAN DURMU\u015e<\/strong> &#8211; Mali M\u00fc\u015favir[\/vc_column_text][\/vc_column][vc_column width=&#8221;1\/3&#8243;][vc_single_image image=&#8221;2061&#8243; img_size=&#8221;350&#215;350&#8243; alignment=&#8221;center&#8221; onclick=&#8221;custom_link&#8221; link=&#8221;https:\/\/dikbashukuk.com\/kursad-yirsutimur\/&#8221; el_class=&#8221;center&#8221;][vc_column_text el_class=&#8221;center&#8221;]<strong>K\u00dcR\u015eAD Y\u0130RSUT\u0130MUR<\/strong> &#8211; Mali M\u00fc\u015favir[\/vc_column_text][\/vc_column][\/vc_row][vc_row css=&#8221;.vc_custom_1628876091440{margin-top: 30px !important;}&#8221;][vc_column width=&#8221;1\/3&#8243;][vc_single_image image=&#8221;1610&#8243; img_size=&#8221;350&#215;350&#8243; alignment=&#8221;center&#8221; onclick=&#8221;custom_link&#8221; link=&#8221;https:\/\/dikbashukuk.com\/samet-terzioglu\/&#8221;][vc_column_text el_class=&#8221;center&#8221;]<strong>SAMET TERZ\u0130O\u011eLU<\/strong> &#8211; Katip[\/vc_column_text][\/vc_column][vc_column width=&#8221;1\/3&#8243;][vc_single_image image=&#8221;1759&#8243; img_size=&#8221;350&#215;350&#8243; alignment=&#8221;center&#8221; onclick=&#8221;custom_link&#8221; link=&#8221;https:\/\/dikbashukuk.com\/meryem-senturk\/&#8221; el_class=&#8221;center&#8221;][vc_column_text el_class=&#8221;center&#8221;]<strong>MERYEM \u015eENT\u00dcRK<\/strong> &#8211; Finans &amp; Operasyon Y\u00f6neticisi[\/vc_column_text][\/vc_column][vc_column width=&#8221;1\/3&#8243;][vc_single_image image=&#8221;1863&#8243; img_size=&#8221;350&#215;350&#8243; alignment=&#8221;center&#8221; onclick=&#8221;custom_link&#8221; link=&#8221;https:\/\/dikbashukuk.com\/aynur-gecitli\/&#8221;][vc_column_text el_class=&#8221;center&#8221;]<strong>AYNUR \u00c7EL\u0130K<\/strong> &#8211; Mutfak Sorumlusu[\/vc_column_text][\/vc_column][\/vc_row][vc_row css=&#8221;.vc_custom_1628876091440{margin-top: 30px !important;}&#8221;][vc_column width=&#8221;1\/3&#8243;][\/vc_column][\/vc_row]\n","protected":false},"excerpt":{"rendered":"<p>[vc_row][vc_column width=&#8221;1\/3&#8243;][vc_single_image image=&#8221;1758&#8243; img_size=&#8221;350&#215;350&#8243; alignment=&#8221;center&#8221; onclick=&#8221;custom_link&#8221; link=&#8221;https:\/\/dikbashukuk.com\/ufuk-dikbas\/&#8221;][vc_column_text el_class=&#8221;center&#8221;]UFUK D\u0130KBA\u015e &#8211; Kurucu Avukat[\/vc_column_text][\/vc_column][vc_column width=&#8221;1\/3&#8243;][vc_single_image image=&#8221;2054&#8243; img_size=&#8221;350&#215;350&#8243; alignment=&#8221;center&#8221; onclick=&#8221;custom_link&#8221; link=&#8221;https:\/\/dikbashukuk.com\/fahriye-yildiztekin\/&#8221; el_class=&#8221;center&#8221;][vc_column_text el_class=&#8221;center&#8221;]FAHR\u0130YE YILDIZTEK\u0130N &#8211; Avukat[\/vc_column_text][\/vc_column][vc_column width=&#8221;1\/3&#8243;][vc_single_image image=&#8221;2104&#8243; img_size=&#8221;350&#215;350&#8243; alignment=&#8221;center&#8221; onclick=&#8221;custom_link&#8221; link=&#8221;https:\/\/dikbashukuk.com\/team\/firat-acar\/&#8221;][vc_column_text el_class=&#8221;center&#8221;]FIRAT ACAR &#8211; Avukat[\/vc_column_text][\/vc_column][\/vc_row][vc_row][vc_column width=&#8221;1\/3&#8243;][vc_single_image image=&#8221;2059&#8243; img_size=&#8221;350&#215;350&#8243; alignment=&#8221;center&#8221; onclick=&#8221;custom_link&#8221; link=&#8221;https:\/\/dikbashukuk.com\/osman-turan-durmus\/&#8221;][vc_column_text el_class=&#8221;center&#8221;]OSMAN TURAN DURMU\u015e &#8211; Mali M\u00fc\u015favir[\/vc_column_text][\/vc_column][vc_column width=&#8221;1\/3&#8243;][vc_single_image image=&#8221;2061&#8243; img_size=&#8221;350&#215;350&#8243; alignment=&#8221;center&#8221; onclick=&#8221;custom_link&#8221; link=&#8221;https:\/\/dikbashukuk.com\/kursad-yirsutimur\/&#8221; el_class=&#8221;center&#8221;][vc_column_text el_class=&#8221;center&#8221;]K\u00dcR\u015eAD Y\u0130RSUT\u0130MUR &#8211; [&hellip;]<\/p>\n","protected":false},"author":1,"featured_media":1901,"parent":0,"menu_order":0,"comment_status":"closed","ping_status":"closed","template":"","meta":{"footnotes":""},"class_list":["post-230","page","type-page","status-publish","has-post-thumbnail","hentry"],"_links":{"self":[{"href":"https:\/\/dikbashukuk.com\/index.php?rest_route=\/wp\/v2\/pages\/230","targetHints":{"allow":["GET"]}}],"collection":[{"href":"https:\/\/dikbashukuk.com\/index.php?rest_route=\/wp\/v2\/pages"}],"about":[{"href":"https:\/\/dikbashukuk.com\/index.php?rest_route=\/wp\/v2\/types\/page"}],"author":[{"embeddable":true,"href":"https:\/\/dikbashukuk.com\/index.php?rest_route=\/wp\/v2\/users\/1"}],"replies":[{"embeddable":true,"href":"https:\/\/dikbashukuk.com\/index.php?rest_route=%2Fwp%2Fv2%2Fcomments&post=230"}],"version-history":[{"count":36,"href":"https:\/\/dikbashukuk.com\/index.php?rest_route=\/wp\/v2\/pages\/230\/revisions"}],"predecessor-version":[{"id":2118,"href":"https:\/\/dikbashukuk.com\/index.php?rest_route=\/wp\/v2\/pages\/230\/revisions\/2118"}],"wp:featuredmedia":[{"embeddable":true,"href":"https:\/\/dikbashukuk.com\/index.php?rest_route=\/wp\/v2\/media\/1901"}],"wp:attachment":[{"href":"https:\/\/dikbashukuk.com\/index.php?rest_route=%2Fwp%2Fv2%2Fmedia&parent=230"}],"curies":[{"name":"wp","href":"https:\/\/api.w.org\/{rel}","templated":true}]}}